{"id":11879,"date":"2022-10-31T21:48:31","date_gmt":"2022-10-31T21:48:31","guid":{"rendered":"https:\/\/abdoulmaroccoautentico.com\/attivita\/"},"modified":"2024-07-06T18:31:55","modified_gmt":"2024-07-06T18:31:55","slug":"attivita","status":"publish","type":"page","link":"https:\/\/abdoulmaroccoautentico.com\/it\/attivita\/","title":{"rendered":"attivit\u00e0"},"content":{"rendered":"\t\t<div data-elementor-type=\"wp-page\" data-elementor-id=\"11879\" class=\"elementor elementor-11879 elementor-8087\" data-elementor-post-type=\"page\">\n\t\t\t\t\t\t<section class=\"elementor-section elementor-top-section elementor-element elementor-element-684ed99 elementor-section-boxed elementor-section-height-default elementor-section-height-default\" data-id=\"684ed99\" data-element_type=\"section\">\n\t\t\t\t\t\t<div class=\"elementor-container elementor-column-gap-default\">\n\t\t\t\t\t<div class=\"elementor-column elementor-col-100 elementor-top-column elementor-element elementor-element-f838c5e\" data-id=\"f838c5e\" data-element_type=\"column\">\n\t\t\t<div class=\"elementor-widget-wrap elementor-element-populated\">\n\t\t\t\t\t\t<div class=\"elementor-element elementor-element-56e1cd8 elementor-widget elementor-widget-heading\" data-id=\"56e1cd8\" data-element_type=\"widget\" data-widget_type=\"heading.default\">\n\t\t\t\t<div class=\"elementor-widget-container\">\n\t\t\t\t\t<h2 class=\"elementor-heading-title elementor-size-default\">attivit\u00e0<\/h2>\t\t\t\t<\/div>\n\t\t\t\t<\/div>\n\t\t\t\t\t<\/div>\n\t\t<\/div>\n\t\t\t\t\t<\/div>\n\t\t<\/section>\n\t\t\t\t<section class=\"elementor-section elementor-top-section elementor-element elementor-element-0a0b225 elementor-section-boxed elementor-section-height-default elementor-section-height-default\" data-id=\"0a0b225\" data-element_type=\"section\">\n\t\t\t\t\t\t<div class=\"elementor-container elementor-column-gap-default\">\n\t\t\t\t\t<div class=\"elementor-column elementor-col-100 elementor-top-column elementor-element elementor-element-074875c\" data-id=\"074875c\" data-element_type=\"column\">\n\t\t\t<div class=\"elementor-widget-wrap elementor-element-populated\">\n\t\t\t\t\t\t<section class=\"elementor-section elementor-inner-section elementor-element elementor-element-dbd2dcb elementor-section-boxed elementor-section-height-default elementor-section-height-default\" data-id=\"dbd2dcb\" data-element_type=\"section\">\n\t\t\t\t\t\t<div class=\"elementor-container elementor-column-gap-default\">\n\t\t\t\t\t<div class=\"elementor-column elementor-col-50 elementor-inner-column elementor-element elementor-element-7319525\" data-id=\"7319525\" data-element_type=\"column\">\n\t\t\t<div class=\"elementor-widget-wrap elementor-element-populated\">\n\t\t\t\t\t\t<div class=\"elementor-element elementor-element-750d4fc elementor-widget elementor-widget-heading\" data-id=\"750d4fc\" data-element_type=\"widget\" data-widget_type=\"heading.default\">\n\t\t\t\t<div class=\"elementor-widget-container\">\n\t\t\t\t\t<h3 class=\"elementor-heading-title elementor-size-default\">QUAD BIKING NEL DESERTO<\/h3>\t\t\t\t<\/div>\n\t\t\t\t<\/div>\n\t\t\t\t<div class=\"elementor-element elementor-element-353b99c elementor-widget elementor-widget-image\" data-id=\"353b99c\" data-element_type=\"widget\" data-widget_type=\"image.default\">\n\t\t\t\t<div class=\"elementor-widget-container\">\n\t\t\t\t\t\t\t\t\t\t\t\t\t\t\t<img fetchpriority=\"high\" decoding=\"async\" width=\"603\" height=\"387\" src=\"https:\/\/abdoulmaroccoautentico.com\/wp-content\/uploads\/2022\/10\/tourmoroccoavventuracom-travel-tours-55.webp\" class=\"attachment-large size-large wp-image-11560\" alt=\"\" srcset=\"https:\/\/abdoulmaroccoautentico.com\/wp-content\/uploads\/2022\/10\/tourmoroccoavventuracom-travel-tours-55.webp 603w, https:\/\/abdoulmaroccoautentico.com\/wp-content\/uploads\/2022\/10\/tourmoroccoavventuracom-travel-tours-55-300x193.webp 300w\" sizes=\"(max-width: 603px) 100vw, 603px\" \/>\t\t\t\t\t\t\t\t\t\t\t\t\t\t\t<\/div>\n\t\t\t\t<\/div>\n\t\t\t\t\t<\/div>\n\t\t<\/div>\n\t\t\t\t<div class=\"elementor-column elementor-col-50 elementor-inner-column elementor-element elementor-element-8549ebc\" data-id=\"8549ebc\" data-element_type=\"column\">\n\t\t\t<div class=\"elementor-widget-wrap elementor-element-populated\">\n\t\t\t\t\t\t<div class=\"elementor-element elementor-element-43842a9 elementor-widget elementor-widget-text-editor\" data-id=\"43842a9\" data-element_type=\"widget\" data-widget_type=\"text-editor.default\">\n\t\t\t\t<div class=\"elementor-widget-container\">\n\t\t\t\t\t\t\t\t\t<p>Le attivit\u00e0 nel deserto dell&#8217;Erg <strong>C<\/strong>hebbi si prestano perfettamente a questo tipo di attivit\u00e0 In effetti, il quad a Merzouga \u00e8 l&#8217;attivit\u00e0 perfetta per gli appassionati di guida. <\/p>\n<p>Con l&#8217;aiuto di queste macchine a motore, attraverserai luoghi incredibili. Cavalcherai attraverso dune di sabbia e paesaggi rocciosi del deserto. Le strade accidentate non ti spaventeranno.<\/p>\n<p>Una guida ti porter\u00e0 in angoli isolati della natura. Inoltre, ti fermerai a prendere il t\u00e8 con una famiglia berbera. Ti accoglieranno a braccia aperte e imparerai qualcosa in pi\u00f9 sulla cultura locale.<br \/><strong>Maggiori dettagli saranno in contatto<\/strong><\/p>\n\t\t\t\t\t\t\t\t<\/div>\n\t\t\t\t<\/div>\n\t\t\t\t\t<\/div>\n\t\t<\/div>\n\t\t\t\t\t<\/div>\n\t\t<\/section>\n\t\t\t\t\t<\/div>\n\t\t<\/div>\n\t\t\t\t\t<\/div>\n\t\t<\/section>\n\t\t\t\t<section class=\"elementor-section elementor-top-section elementor-element elementor-element-569d5ed elementor-section-boxed elementor-section-height-default elementor-section-height-default\" data-id=\"569d5ed\" data-element_type=\"section\">\n\t\t\t\t\t\t<div class=\"elementor-container elementor-column-gap-default\">\n\t\t\t\t\t<div class=\"elementor-column elementor-col-100 elementor-top-column elementor-element elementor-element-f963928\" data-id=\"f963928\" data-element_type=\"column\">\n\t\t\t<div class=\"elementor-widget-wrap elementor-element-populated\">\n\t\t\t\t\t\t<section class=\"elementor-section elementor-inner-section elementor-element elementor-element-c31cdd5 elementor-section-boxed elementor-section-height-default elementor-section-height-default\" data-id=\"c31cdd5\" data-element_type=\"section\">\n\t\t\t\t\t\t<div class=\"elementor-container elementor-column-gap-default\">\n\t\t\t\t\t<div class=\"elementor-column elementor-col-50 elementor-inner-column elementor-element elementor-element-801947a\" data-id=\"801947a\" data-element_type=\"column\">\n\t\t\t<div class=\"elementor-widget-wrap elementor-element-populated\">\n\t\t\t\t\t\t<div class=\"elementor-element elementor-element-a52b4da elementor-widget elementor-widget-heading\" data-id=\"a52b4da\" data-element_type=\"widget\" data-widget_type=\"heading.default\">\n\t\t\t\t<div class=\"elementor-widget-container\">\n\t\t\t\t\t<h3 class=\"elementor-heading-title elementor-size-default\">ESCURSIONE DEL DESERTO DEL MERZOUGA - TOUR DEL DESERTO 4X4<\/h3>\t\t\t\t<\/div>\n\t\t\t\t<\/div>\n\t\t\t\t<div class=\"elementor-element elementor-element-8cca0d3 elementor-widget elementor-widget-text-editor\" data-id=\"8cca0d3\" data-element_type=\"widget\" data-widget_type=\"text-editor.default\">\n\t\t\t\t<div class=\"elementor-widget-container\">\n\t\t\t\t\t\t\t\t\t<p>Organizziamo tour 4\u00d74 nel deserto di Merzouga e possiamo attraversare le dune di sabbia del deserto di Erg Chebbi a Merzouga. Guidiamo nel veicolo 4\u00d74 e ci godiamo il veicolo fuoristrada nelle dune di sabbia.<br \/> Divertiti a scivolare tra le dune di sabbia nel veicolo 4 \u00d7 4 poich\u00e9 \u00e8 una guida davvero impegnativa.<br \/>Goditi un modo diverso di esplorare le dune di sabbia di Merzouga come attivit\u00e0 nel deserto.<\/p>\n<p><strong>Maggiori dettagli saranno in contatto<\/strong><\/p>\n\t\t\t\t\t\t\t\t<\/div>\n\t\t\t\t<\/div>\n\t\t\t\t\t<\/div>\n\t\t<\/div>\n\t\t\t\t<div class=\"elementor-column elementor-col-50 elementor-inner-column elementor-element elementor-element-1537fa0\" data-id=\"1537fa0\" data-element_type=\"column\">\n\t\t\t<div class=\"elementor-widget-wrap elementor-element-populated\">\n\t\t\t\t\t\t<div class=\"elementor-element elementor-element-8e2e161 elementor-widget elementor-widget-image\" data-id=\"8e2e161\" data-element_type=\"widget\" data-widget_type=\"image.default\">\n\t\t\t\t<div class=\"elementor-widget-container\">\n\t\t\t\t\t\t\t\t\t\t\t\t\t\t\t<img decoding=\"async\" width=\"612\" height=\"362\" src=\"https:\/\/abdoulmaroccoautentico.com\/wp-content\/uploads\/2022\/08\/moroccoexclusivetours-trips.jpg\" class=\"attachment-large size-large wp-image-8097\" alt=\"\" srcset=\"https:\/\/abdoulmaroccoautentico.com\/wp-content\/uploads\/2022\/08\/moroccoexclusivetours-trips.jpg 612w, https:\/\/abdoulmaroccoautentico.com\/wp-content\/uploads\/2022\/08\/moroccoexclusivetours-trips-300x177.jpg 300w\" sizes=\"(max-width: 612px) 100vw, 612px\" \/>\t\t\t\t\t\t\t\t\t\t\t\t\t\t\t<\/div>\n\t\t\t\t<\/div>\n\t\t\t\t\t<\/div>\n\t\t<\/div>\n\t\t\t\t\t<\/div>\n\t\t<\/section>\n\t\t\t\t\t<\/div>\n\t\t<\/div>\n\t\t\t\t\t<\/div>\n\t\t<\/section>\n\t\t\t\t<section class=\"elementor-section elementor-top-section elementor-element elementor-element-689dc1a elementor-section-boxed elementor-section-height-default elementor-section-height-default\" data-id=\"689dc1a\" data-element_type=\"section\">\n\t\t\t\t\t\t<div class=\"elementor-container elementor-column-gap-default\">\n\t\t\t\t\t<div class=\"elementor-column elementor-col-100 elementor-top-column elementor-element elementor-element-79216af\" data-id=\"79216af\" data-element_type=\"column\">\n\t\t\t<div class=\"elementor-widget-wrap elementor-element-populated\">\n\t\t\t\t\t\t<section class=\"elementor-section elementor-inner-section elementor-element elementor-element-e720cf7 elementor-section-boxed elementor-section-height-default elementor-section-height-default\" data-id=\"e720cf7\" data-element_type=\"section\">\n\t\t\t\t\t\t<div class=\"elementor-container elementor-column-gap-default\">\n\t\t\t\t\t<div class=\"elementor-column elementor-col-50 elementor-inner-column elementor-element elementor-element-954753f\" data-id=\"954753f\" data-element_type=\"column\">\n\t\t\t<div class=\"elementor-widget-wrap elementor-element-populated\">\n\t\t\t\t\t\t<div class=\"elementor-element elementor-element-c585441 elementor-widget elementor-widget-image\" data-id=\"c585441\" data-element_type=\"widget\" data-widget_type=\"image.default\">\n\t\t\t\t<div class=\"elementor-widget-container\">\n\t\t\t\t\t\t\t\t\t\t\t\t\t\t\t<img decoding=\"async\" width=\"980\" height=\"735\" src=\"https:\/\/abdoulmaroccoautentico.com\/wp-content\/uploads\/2022\/10\/tourmoroccoavventuracom-travel-tours-69.webp\" class=\"attachment-large size-large wp-image-11574\" alt=\"\" srcset=\"https:\/\/abdoulmaroccoautentico.com\/wp-content\/uploads\/2022\/10\/tourmoroccoavventuracom-travel-tours-69.webp 1024w, https:\/\/abdoulmaroccoautentico.com\/wp-content\/uploads\/2022\/10\/tourmoroccoavventuracom-travel-tours-69-300x225.webp 300w, https:\/\/abdoulmaroccoautentico.com\/wp-content\/uploads\/2022\/10\/tourmoroccoavventuracom-travel-tours-69-768x576.webp 768w, https:\/\/abdoulmaroccoautentico.com\/wp-content\/uploads\/2022\/10\/tourmoroccoavventuracom-travel-tours-69-600x450.webp 600w\" sizes=\"(max-width: 980px) 100vw, 980px\" \/>\t\t\t\t\t\t\t\t\t\t\t\t\t\t\t<\/div>\n\t\t\t\t<\/div>\n\t\t\t\t\t<\/div>\n\t\t<\/div>\n\t\t\t\t<div class=\"elementor-column elementor-col-50 elementor-inner-column elementor-element elementor-element-2855173\" data-id=\"2855173\" data-element_type=\"column\">\n\t\t\t<div class=\"elementor-widget-wrap elementor-element-populated\">\n\t\t\t\t\t\t<div class=\"elementor-element elementor-element-020e270 elementor-widget elementor-widget-text-editor\" data-id=\"020e270\" data-element_type=\"widget\" data-widget_type=\"text-editor.default\">\n\t\t\t\t<div class=\"elementor-widget-container\">\n\t\t\t\t\t\t\t\t\t<p>Il tempo di una passeggiata, viaggerai alla maniera dei berberi. Questo popolo nomade marocchino che percorreva lunghe distanze nel deserto in cammello.<\/p>\n<p>Da Merzouga, i famosi cammellieri in camice blu ti porteranno in groppa alle loro bestie per un&#8217;incredibile scoperta del deserto. Qualunque opzione tu scelga, ti condurranno attraverso scenari incredibili.<\/p>\n<p>Attraversa le dune e lasciati cullare dal movimento degli animali. La quiete del luogo vi permetter\u00e0 di sfruttare appieno il panorama che offre questa natura selvaggia. Molti turisti prenotano tour in Marocco solo per fare il giro in cammello a Merzouga, \u00e8 considerata una delle cose migliori da fare non solo a Merzouga ma in tutto il Marocco.<\/p>\n<p><strong>Maggiori dettagli saranno in contatto<\/strong><\/p>\n\t\t\t\t\t\t\t\t<\/div>\n\t\t\t\t<\/div>\n\t\t\t\t\t<\/div>\n\t\t<\/div>\n\t\t\t\t\t<\/div>\n\t\t<\/section>\n\t\t\t\t\t<\/div>\n\t\t<\/div>\n\t\t\t\t\t<\/div>\n\t\t<\/section>\n\t\t\t\t<section class=\"elementor-section elementor-top-section elementor-element elementor-element-4521570 elementor-section-boxed elementor-section-height-default elementor-section-height-default\" data-id=\"4521570\" data-element_type=\"section\">\n\t\t\t\t\t\t<div class=\"elementor-container elementor-column-gap-default\">\n\t\t\t\t\t<div class=\"elementor-column elementor-col-100 elementor-top-column elementor-element elementor-element-5af949b\" data-id=\"5af949b\" data-element_type=\"column\">\n\t\t\t<div class=\"elementor-widget-wrap elementor-element-populated\">\n\t\t\t\t\t\t<div class=\"elementor-element elementor-element-aebb9e7 elementor-widget elementor-widget-text-editor\" data-id=\"aebb9e7\" data-element_type=\"widget\" data-widget_type=\"text-editor.default\">\n\t\t\t\t<div class=\"elementor-widget-container\">\n\t\t\t\t\t\t\t\t\t<h2 class=\"elementor-heading-title elementor-size-default\"><span style=\"color: #ff6600;\"><strong>BUGGY ESPERIENZA MERZOUGA<\/strong><\/span><\/h2>\n<p>Esci dai sentieri battuti e parti per una bellissima avventura tra le dune.<\/p>\n<p>Dopo una breve iniziazione al pilotaggio di questo veicolo a motore, potrai coprire lunghe distanze nel deserto. Pertanto, vedrai un massimo di cose in un minimo di tempo.<\/p>\n<p>Ancora una volta, accompagnato da una guida puoi visitare una famiglia berbera. I marocchini sono molto attaccati alle loro usanze. Pertanto, condividerai con loro un t\u00e8 alla menta prima di tornare in viaggio.<\/p>\n<p>Il deserto ha in serbo per te molte sorprese. Durante la tua escursione scoprirai panorami sontuosi<\/p>\n<p><strong>Maggiori dettagli saranno in contatto<\/strong><\/p>\n\t\t\t\t\t\t\t\t<\/div>\n\t\t\t\t<\/div>\n\t\t\t\t\t<\/div>\n\t\t<\/div>\n\t\t\t\t\t<\/div>\n\t\t<\/section>\n\t\t\t\t<\/div>\n\t\t","protected":false},"excerpt":{"rendered":"<p>attivit\u00e0 QUAD BIKING NEL DESERTO Le attivit\u00e0 nel deserto dell&#8217;Erg Chebbi si prestano perfettamente a questo tipo di attivit\u00e0 In effetti, il quad a Merzouga \u00e8 l&#8217;attivit\u00e0 perfetta per gli appassionati di guida. Con l&#8217;aiuto di queste macchine a motore, attraverserai luoghi incredibili. Cavalcherai attraverso dune di sabbia e paesaggi rocciosi del deserto. Le strade [&hellip;]<\/p>\n","protected":false},"author":1,"featured_media":0,"parent":0,"menu_order":0,"comment_status":"closed","ping_status":"closed","template":"","meta":{"inline_featured_image":false,"footnotes":""},"class_list":["post-11879","page","type-page","status-publish","hentry"],"yoast_head":"<!-- This site is optimized with the Yoast SEO plugin v23.1 - https:\/\/yoast.com\/wordpress\/plugins\/seo\/ -->\n<title>attivit\u00e0 - Abdoul Marocco Autentico<\/title>\n<meta name=\"robots\" content=\"index, follow, max-snippet:-1, max-image-preview:large, max-video-preview:-1\" \/>\n<link rel=\"canonical\" href=\"https:\/\/abdoulmaroccoautentico.com\/it\/attivita\/\" \/>\n<meta property=\"og:locale\" content=\"it_IT\" \/>\n<meta property=\"og:type\" content=\"article\" \/>\n<meta property=\"og:title\" content=\"attivit\u00e0 - Abdoul Marocco Autentico\" \/>\n<meta property=\"og:description\" content=\"attivit\u00e0 QUAD BIKING NEL DESERTO Le attivit\u00e0 nel deserto dell&#8217;Erg Chebbi si prestano perfettamente a questo tipo di attivit\u00e0 In effetti, il quad a Merzouga \u00e8 l&#8217;attivit\u00e0 perfetta per gli appassionati di guida. Con l&#8217;aiuto di queste macchine a motore, attraverserai luoghi incredibili. Cavalcherai attraverso dune di sabbia e paesaggi rocciosi del deserto. Le strade [&hellip;]\" \/>\n<meta property=\"og:url\" content=\"https:\/\/abdoulmaroccoautentico.com\/it\/attivita\/\" \/>\n<meta property=\"og:site_name\" content=\"Abdoul Marocco Autentico\" \/>\n<meta property=\"article:publisher\" content=\"https:\/\/web.facebook.com\/tourmoroccoavventura\/\" \/>\n<meta property=\"article:modified_time\" content=\"2024-07-06T18:31:55+00:00\" \/>\n<meta property=\"og:image\" content=\"https:\/\/abdoulmaroccoautentico.com\/wp-content\/uploads\/2022\/10\/tourmoroccoavventuracom-travel-tours-55.webp\" \/>\n<meta name=\"twitter:card\" content=\"summary_large_image\" \/>\n<meta name=\"twitter:label1\" content=\"Tempo di lettura stimato\" \/>\n\t<meta name=\"twitter:data1\" content=\"3 minuti\" \/>\n<script type=\"application\/ld+json\" class=\"yoast-schema-graph\">{\"@context\":\"https:\/\/schema.org\",\"@graph\":[{\"@type\":\"WebPage\",\"@id\":\"https:\/\/abdoulmaroccoautentico.com\/it\/attivita\/\",\"url\":\"https:\/\/abdoulmaroccoautentico.com\/it\/attivita\/\",\"name\":\"attivit\u00e0 - Abdoul Marocco Autentico\",\"isPartOf\":{\"@id\":\"https:\/\/abdoulmaroccoautentico.com\/it\/#website\"},\"primaryImageOfPage\":{\"@id\":\"https:\/\/abdoulmaroccoautentico.com\/it\/attivita\/#primaryimage\"},\"image\":{\"@id\":\"https:\/\/abdoulmaroccoautentico.com\/it\/attivita\/#primaryimage\"},\"thumbnailUrl\":\"https:\/\/abdoulmaroccoautentico.com\/wp-content\/uploads\/2022\/10\/tourmoroccoavventuracom-travel-tours-55.webp\",\"datePublished\":\"2022-10-31T21:48:31+00:00\",\"dateModified\":\"2024-07-06T18:31:55+00:00\",\"breadcrumb\":{\"@id\":\"https:\/\/abdoulmaroccoautentico.com\/it\/attivita\/#breadcrumb\"},\"inLanguage\":\"it-IT\",\"potentialAction\":[{\"@type\":\"ReadAction\",\"target\":[\"https:\/\/abdoulmaroccoautentico.com\/it\/attivita\/\"]}]},{\"@type\":\"ImageObject\",\"inLanguage\":\"it-IT\",\"@id\":\"https:\/\/abdoulmaroccoautentico.com\/it\/attivita\/#primaryimage\",\"url\":\"https:\/\/abdoulmaroccoautentico.com\/wp-content\/uploads\/2022\/10\/tourmoroccoavventuracom-travel-tours-55.webp\",\"contentUrl\":\"https:\/\/abdoulmaroccoautentico.com\/wp-content\/uploads\/2022\/10\/tourmoroccoavventuracom-travel-tours-55.webp\"},{\"@type\":\"BreadcrumbList\",\"@id\":\"https:\/\/abdoulmaroccoautentico.com\/it\/attivita\/#breadcrumb\",\"itemListElement\":[{\"@type\":\"ListItem\",\"position\":1,\"name\":\"Home\",\"item\":\"https:\/\/abdoulmaroccoautentico.com\/it\/home-2\/\"},{\"@type\":\"ListItem\",\"position\":2,\"name\":\"attivit\u00e0\"}]},{\"@type\":\"WebSite\",\"@id\":\"https:\/\/abdoulmaroccoautentico.com\/it\/#website\",\"url\":\"https:\/\/abdoulmaroccoautentico.com\/it\/\",\"name\":\"Abdoul Marocco Autentico\",\"description\":\"Tours &amp; Adventures\",\"publisher\":{\"@id\":\"https:\/\/abdoulmaroccoautentico.com\/it\/#organization\"},\"potentialAction\":[{\"@type\":\"SearchAction\",\"target\":{\"@type\":\"EntryPoint\",\"urlTemplate\":\"https:\/\/abdoulmaroccoautentico.com\/it\/?s={search_term_string}\"},\"query-input\":\"required name=search_term_string\"}],\"inLanguage\":\"it-IT\"},{\"@type\":\"Organization\",\"@id\":\"https:\/\/abdoulmaroccoautentico.com\/it\/#organization\",\"name\":\"Abdoul Marocco Autentico\",\"url\":\"https:\/\/abdoulmaroccoautentico.com\/it\/\",\"logo\":{\"@type\":\"ImageObject\",\"inLanguage\":\"it-IT\",\"@id\":\"https:\/\/abdoulmaroccoautentico.com\/it\/#\/schema\/logo\/image\/\",\"url\":\"https:\/\/abdoulmaroccoautentico.com\/wp-content\/uploads\/2024\/07\/WhatsApp_Image_2024-07-06_a_20.05.32_2498d87b-removebg-preview-e1720290363866.png\",\"contentUrl\":\"https:\/\/abdoulmaroccoautentico.com\/wp-content\/uploads\/2024\/07\/WhatsApp_Image_2024-07-06_a_20.05.32_2498d87b-removebg-preview-e1720290363866.png\",\"width\":360,\"height\":214,\"caption\":\"Abdoul Marocco Autentico\"},\"image\":{\"@id\":\"https:\/\/abdoulmaroccoautentico.com\/it\/#\/schema\/logo\/image\/\"},\"sameAs\":[\"https:\/\/web.facebook.com\/tourmoroccoavventura\/\",\"https:\/\/www.instagram.com\/tourmoroccoavventura\/\"]}]}<\/script>\n<!-- \/ Yoast SEO plugin. -->","yoast_head_json":{"title":"attivit\u00e0 - Abdoul Marocco Autentico","robots":{"index":"index","follow":"follow","max-snippet":"max-snippet:-1","max-image-preview":"max-image-preview:large","max-video-preview":"max-video-preview:-1"},"canonical":"https:\/\/abdoulmaroccoautentico.com\/it\/attivita\/","og_locale":"it_IT","og_type":"article","og_title":"attivit\u00e0 - Abdoul Marocco Autentico","og_description":"attivit\u00e0 QUAD BIKING NEL DESERTO Le attivit\u00e0 nel deserto dell&#8217;Erg Chebbi si prestano perfettamente a questo tipo di attivit\u00e0 In effetti, il quad a Merzouga \u00e8 l&#8217;attivit\u00e0 perfetta per gli appassionati di guida. Con l&#8217;aiuto di queste macchine a motore, attraverserai luoghi incredibili. Cavalcherai attraverso dune di sabbia e paesaggi rocciosi del deserto. Le strade [&hellip;]","og_url":"https:\/\/abdoulmaroccoautentico.com\/it\/attivita\/","og_site_name":"Abdoul Marocco Autentico","article_publisher":"https:\/\/web.facebook.com\/tourmoroccoavventura\/","article_modified_time":"2024-07-06T18:31:55+00:00","og_image":[{"url":"https:\/\/abdoulmaroccoautentico.com\/wp-content\/uploads\/2022\/10\/tourmoroccoavventuracom-travel-tours-55.webp"}],"twitter_card":"summary_large_image","twitter_misc":{"Tempo di lettura stimato":"3 minuti"},"schema":{"@context":"https:\/\/schema.org","@graph":[{"@type":"WebPage","@id":"https:\/\/abdoulmaroccoautentico.com\/it\/attivita\/","url":"https:\/\/abdoulmaroccoautentico.com\/it\/attivita\/","name":"attivit\u00e0 - Abdoul Marocco Autentico","isPartOf":{"@id":"https:\/\/abdoulmaroccoautentico.com\/it\/#website"},"primaryImageOfPage":{"@id":"https:\/\/abdoulmaroccoautentico.com\/it\/attivita\/#primaryimage"},"image":{"@id":"https:\/\/abdoulmaroccoautentico.com\/it\/attivita\/#primaryimage"},"thumbnailUrl":"https:\/\/abdoulmaroccoautentico.com\/wp-content\/uploads\/2022\/10\/tourmoroccoavventuracom-travel-tours-55.webp","datePublished":"2022-10-31T21:48:31+00:00","dateModified":"2024-07-06T18:31:55+00:00","breadcrumb":{"@id":"https:\/\/abdoulmaroccoautentico.com\/it\/attivita\/#breadcrumb"},"inLanguage":"it-IT","potentialAction":[{"@type":"ReadAction","target":["https:\/\/abdoulmaroccoautentico.com\/it\/attivita\/"]}]},{"@type":"ImageObject","inLanguage":"it-IT","@id":"https:\/\/abdoulmaroccoautentico.com\/it\/attivita\/#primaryimage","url":"https:\/\/abdoulmaroccoautentico.com\/wp-content\/uploads\/2022\/10\/tourmoroccoavventuracom-travel-tours-55.webp","contentUrl":"https:\/\/abdoulmaroccoautentico.com\/wp-content\/uploads\/2022\/10\/tourmoroccoavventuracom-travel-tours-55.webp"},{"@type":"BreadcrumbList","@id":"https:\/\/abdoulmaroccoautentico.com\/it\/attivita\/#breadcrumb","itemListElement":[{"@type":"ListItem","position":1,"name":"Home","item":"https:\/\/abdoulmaroccoautentico.com\/it\/home-2\/"},{"@type":"ListItem","position":2,"name":"attivit\u00e0"}]},{"@type":"WebSite","@id":"https:\/\/abdoulmaroccoautentico.com\/it\/#website","url":"https:\/\/abdoulmaroccoautentico.com\/it\/","name":"Abdoul Marocco Autentico","description":"Tours &amp; Adventures","publisher":{"@id":"https:\/\/abdoulmaroccoautentico.com\/it\/#organization"},"potentialAction":[{"@type":"SearchAction","target":{"@type":"EntryPoint","urlTemplate":"https:\/\/abdoulmaroccoautentico.com\/it\/?s={search_term_string}"},"query-input":"required name=search_term_string"}],"inLanguage":"it-IT"},{"@type":"Organization","@id":"https:\/\/abdoulmaroccoautentico.com\/it\/#organization","name":"Abdoul Marocco Autentico","url":"https:\/\/abdoulmaroccoautentico.com\/it\/","logo":{"@type":"ImageObject","inLanguage":"it-IT","@id":"https:\/\/abdoulmaroccoautentico.com\/it\/#\/schema\/logo\/image\/","url":"https:\/\/abdoulmaroccoautentico.com\/wp-content\/uploads\/2024\/07\/WhatsApp_Image_2024-07-06_a_20.05.32_2498d87b-removebg-preview-e1720290363866.png","contentUrl":"https:\/\/abdoulmaroccoautentico.com\/wp-content\/uploads\/2024\/07\/WhatsApp_Image_2024-07-06_a_20.05.32_2498d87b-removebg-preview-e1720290363866.png","width":360,"height":214,"caption":"Abdoul Marocco Autentico"},"image":{"@id":"https:\/\/abdoulmaroccoautentico.com\/it\/#\/schema\/logo\/image\/"},"sameAs":["https:\/\/web.facebook.com\/tourmoroccoavventura\/","https:\/\/www.instagram.com\/tourmoroccoavventura\/"]}]}},"_links":{"self":[{"href":"https:\/\/abdoulmaroccoautentico.com\/it\/wp-json\/wp\/v2\/pages\/11879"}],"collection":[{"href":"https:\/\/abdoulmaroccoautentico.com\/it\/wp-json\/wp\/v2\/pages"}],"about":[{"href":"https:\/\/abdoulmaroccoautentico.com\/it\/wp-json\/wp\/v2\/types\/page"}],"author":[{"embeddable":true,"href":"https:\/\/abdoulmaroccoautentico.com\/it\/wp-json\/wp\/v2\/users\/1"}],"replies":[{"embeddable":true,"href":"https:\/\/abdoulmaroccoautentico.com\/it\/wp-json\/wp\/v2\/comments?post=11879"}],"version-history":[{"count":16,"href":"https:\/\/abdoulmaroccoautentico.com\/it\/wp-json\/wp\/v2\/pages\/11879\/revisions"}],"predecessor-version":[{"id":12751,"href":"https:\/\/abdoulmaroccoautentico.com\/it\/wp-json\/wp\/v2\/pages\/11879\/revisions\/12751"}],"wp:attachment":[{"href":"https:\/\/abdoulmaroccoautentico.com\/it\/wp-json\/wp\/v2\/media?parent=11879"}],"curies":[{"name":"wp","href":"https:\/\/api.w.org\/{rel}","templated":true}]}}